{"id":739,"date":"2023-05-03T16:53:39","date_gmt":"2023-05-03T14:53:39","guid":{"rendered":"https:\/\/carmellove.pl\/?page_id=739"},"modified":"2024-02-17T22:33:35","modified_gmt":"2024-02-17T21:33:35","slug":"oferta-2","status":"publish","type":"page","link":"https:\/\/carmellove.pl\/index.php\/oferta-2\/","title":{"rendered":"Oferta"},"content":{"rendered":"<p>Serdecznie zapraszam do skorzystania z oferty sesji zdj\u0119ciowych.<\/p>\r\n<p>Moj\u0105 specjalno\u015bci\u0105 s\u0105 sesje:<\/p>\r\n<!-- \/wp:post-content -->\r\n\r\n<!-- wp:list -->\r\n<ul style=\"font-family: verdana;\">\r\n<li>kobiece (buduarowe, romantyczne, lifestyle)<\/li>\r\n<li>ci\u0105\u017cowe (indywidualne, z partnerem, ca\u0142ej rodziny)<\/li>\r\n<li>rodzinne,<\/li>\r\n<li>dzieci\u0119ce.<\/li>\r\n<\/ul>\r\n<p>Mile widziani czworono\u017cni modele \ud83d\ude42<\/p>\r\n<p>Wykonuj\u0119 tak\u017ce ma\u0142e reporta\u017ce: urodziny, wieczory panie\u0144skie, chrzty, \u015bluby. Posiadam za\u015bwiadczenie o odbyciu kursu liturgicznego.<\/p>\r\n<div>Cena ka\u017cdego typu sesji obejmuje:<\/div>\r\n<div>\u00a0<\/div>\r\n<div>\r\n<ul>\r\n<li>przygotowanie do sesji;<\/li>\r\n<li>doradztwo w zakresie przygotowania si\u0119 Klienta do sesji (mo\u017cliwe spotkanie online: Skype);<\/li>\r\n<li>koszt zakupu stylizacji (sukienki, akcesoria);<\/li>\r\n<li>wiedz\u0119 z zakresu fotografii oraz obr\u00f3bki fotograficznej zdobyt\u0105 i na bie\u017c\u0105co doskonalon\u0105 poprzez uczestnictwo w warsztatach i szkoleniach fotograficznych;<\/li>\r\n<li>dost\u0119p do prywatnej galerii online, w kt\u00f3rej klient mo\u017ce dokona\u0107 wyboru swoich kadr\u00f3w;<\/li>\r\n<li>autorsk\u0105 obr\u00f3bk\u0119 fotograficzn\u0105;<\/li>\r\n<li>najwy\u017cszej jako\u015bci sprz\u0119t fotograficzny (aparaty oraz obiektywy);<\/li>\r\n<li>doskona\u0142ej jako\u015bci wydruki dost\u0119pne jedynie w drukarniach dla profesjonalnych fotograf\u00f3w;<\/li>\r\n<li>koszty utrzymania i amortyzacji sprz\u0119tu;<\/li>\r\n<li>koszty wynikaj\u0105ce z prowadzenia dzia\u0142alno\u015bci fotograficznej.<\/li>\r\n<\/ul>\r\n<\/div>\r\n<p>W celu uzyskania szczeg\u00f3\u0142owych informacji skontaktuj si\u0119 ze mn\u0105 drog\u0105 mailow\u0105 na adres justyna@carmellove.pl, telefonicznie pod nr telefonu 502 352 600 lub bezpo\u015brednio przez formularz udost\u0119pniony w zak\u0142adce &#8222;kontakt&#8221;<\/p>","protected":false},"excerpt":{"rendered":"<p>Serdecznie zapraszam do skorzystania z oferty sesji zdj\u0119ciowych. Moj\u0105 specjalno\u015bci\u0105 s\u0105 sesje: kobiece (buduarowe, romantyczne, lifestyle) ci\u0105\u017cowe (indywidualne, z partnerem, ca\u0142ej rodziny) rodzinne, dzieci\u0119ce. Mile widziani czworono\u017cni modele \ud83d\ude42 Wykonuj\u0119 tak\u017ce ma\u0142e reporta\u017ce: urodziny, wieczory panie\u0144skie, chrzty, \u015bluby. Posiadam za\u015bwiadczenie o odbyciu kursu liturgicznego. Cena ka\u017cdego typu sesji obejmuje: \u00a0 przygotowanie do sesji; doradztwo w&#8230;<\/p>\n","protected":false},"author":1,"featured_media":0,"parent":0,"menu_order":0,"comment_status":"closed","ping_status":"closed","template":"","meta":{"_kad_post_transparent":"default","_kad_post_title":"default","_kad_post_layout":"default","_kad_post_sidebar_id":"","_kad_post_content_style":"default","_kad_post_vertical_padding":"default","_kad_post_feature":"","_kad_post_feature_position":"","_kad_post_header":false,"_kad_post_footer":false,"footnotes":""},"class_list":["post-739","page","type-page","status-publish","hentry"],"_links":{"self":[{"href":"https:\/\/carmellove.pl\/index.php\/wp-json\/wp\/v2\/pages\/739","targetHints":{"allow":["GET"]}}],"collection":[{"href":"https:\/\/carmellove.pl\/index.php\/wp-json\/wp\/v2\/pages"}],"about":[{"href":"https:\/\/carmellove.pl\/index.php\/wp-json\/wp\/v2\/types\/page"}],"author":[{"embeddable":true,"href":"https:\/\/carmellove.pl\/index.php\/wp-json\/wp\/v2\/users\/1"}],"replies":[{"embeddable":true,"href":"https:\/\/carmellove.pl\/index.php\/wp-json\/wp\/v2\/comments?post=739"}],"version-history":[{"count":4,"href":"https:\/\/carmellove.pl\/index.php\/wp-json\/wp\/v2\/pages\/739\/revisions"}],"predecessor-version":[{"id":789,"href":"https:\/\/carmellove.pl\/index.php\/wp-json\/wp\/v2\/pages\/739\/revisions\/789"}],"wp:attachment":[{"href":"https:\/\/carmellove.pl\/index.php\/wp-json\/wp\/v2\/media?parent=739"}],"curies":[{"name":"wp","href":"https:\/\/api.w.org\/{rel}","templated":true}]}}