{"id":75,"date":"2022-08-07T19:04:57","date_gmt":"2022-08-07T17:04:57","guid":{"rendered":"https:\/\/www.carmellove.pl\/?page_id=75"},"modified":"2023-01-08T16:51:41","modified_gmt":"2023-01-08T15:51:41","slug":"polityka-prywatnosci-2","status":"publish","type":"page","link":"https:\/\/carmellove.pl\/index.php\/polityka-prywatnosci-2\/","title":{"rendered":"Polityka prywatno\u015bci"},"content":{"rendered":"\r\n<p style=\"font-family: verdana;\">Korzystaj\u0105c ze strony oraz powierzaj\u0105c mi swoje dane osobowe, zgadzasz si\u0119 z poni\u017cszymi warunkami Polityki prywatno\u015bci.<\/p>\r\n\r\n\r\n\r\n<ol class=\"wp-block-list\">\r\n<li>\r\n<p style=\"font-family: verdana;\">Administratorem strony i danych osobowych jest Justyna Wise\u0142ka, dzia\u0142aj\u0105ca pod mark\u0105 &#8222;Carmellove fotografie&#8221;.<\/p>\r\n<\/li>\r\n<li>\r\n<p style=\"font-family: verdana;\">Kontakt z\u00a0Administratorem odbywa si\u0119 poprzez e-mail: <a href=\"mailto:justyna@carmellove.pl\">justyna@carmellove.pl<\/a> lub poprzez kontakt telefoniczny 502 352 600<\/p>\r\n<\/li>\r\n<li>\r\n<p style=\"font-family: verdana;\">Administrator ogranicza zbieranie i wykorzystywanie informacji dotycz\u0105cych U\u017cytkownik\u00f3w do niezb\u0119dnego minimum, wymaganego do \u015bwiadczenia na ich rzecz konkretnych us\u0142ug wynikaj\u0105cych z jego dzia\u0142alno\u015bci. Oznacza to powierzenie danych r\u00f3wnie\u017c zewn\u0119trznym serwisom tj.podmioty \u015bwiadcz\u0105ce us\u0142ugi wydruku fotografii, odbitek, opracowania fotoksi\u0105\u017cek, ulotek, wizyt\u00f3wek, baner\u00f3w reklamowych itp.<\/p>\r\n<\/li>\r\n<li>\r\n<p style=\"font-family: verdana;\">Twoje dane b\u0119d\u0105 przechowywane do momentu odwo\u0142ania udzielonej zgody lub \u017c\u0105dania zaprzestania przetwarzania danych osobowych oraz \u017c\u0105dania usuni\u0119cia Twoich danych osobowych.\u00a0<\/p>\r\n<\/li>\r\n<li>\r\n<p style=\"font-family: verdana;\">W ka\u017cdym momencie s\u0142u\u017cy Ci prawo dost\u0119pu do danych osobowych oraz ich poprawiania, jak r\u00f3wnie\u017c w dowolnym momencie mo\u017cesz wycofa\u0107 zgod\u0119 na przetwarzania danych osobowych lub ograniczy\u0107 ich przetwarzanie, z zastrze\u017ceniem, \u017ce wycofanie zgody nie wp\u0142ywa na zgodno\u015b\u0107 z prawem przetwarzania, kt\u00f3rego dokonano na podstawie zgody przed jej wycofaniem.<\/p>\r\n<\/li>\r\n<li>\r\n<p style=\"font-family: verdana;\">W ramach dzia\u0142alno\u015bci marketingowej Administrator korzysta z us\u0142ug podmiot\u00f3w trzecich, kt\u00f3re stosuj\u0105\u00a0 pliki cookies, piksele lub funkcje marketingowe zbli\u017cone do cookies. Dodatkowo pliki cookies wykorzystywane s\u0105 na tej stronie internetowej do poprawnego dzia\u0142ania wtyczek spo\u0142eczno\u015bciowych, kt\u00f3re pozwalaj\u0105 \u0142atwo publikowa\u0107 wpisy na stronach serwis\u00f3w spo\u0142eczno\u015bciowych takich jak Facebook, Instagram, Twitter, LinkedIn.<\/p>\r\n<\/li>\r\n<li>\r\n<p style=\"font-family: verdana;\">Je\u017celi uwa\u017casz, \u017ce Twoje dane osobowe s\u0105 przetwarzane niezgodnie z obowi\u0105zuj\u0105cym prawem, mo\u017cesz wnie\u015b\u0107 skarg\u0119 do Prezesa Urz\u0119du Ochrony Danych Osobowych.<\/p>\r\n<\/li>\r\n<\/ol>\r\n","protected":false},"excerpt":{"rendered":"<p>Korzystaj\u0105c ze strony oraz powierzaj\u0105c mi swoje dane osobowe, zgadzasz si\u0119 z poni\u017cszymi warunkami Polityki prywatno\u015bci. Administratorem strony i danych osobowych jest Justyna Wise\u0142ka, dzia\u0142aj\u0105ca pod mark\u0105 &#8222;Carmellove fotografie&#8221;. Kontakt z\u00a0Administratorem odbywa si\u0119 poprzez e-mail: justyna@carmellove.pl lub poprzez kontakt telefoniczny 502 352 600 Administrator ogranicza zbieranie i wykorzystywanie informacji dotycz\u0105cych U\u017cytkownik\u00f3w do niezb\u0119dnego minimum, wymaganego&#8230;<\/p>\n","protected":false},"author":1,"featured_media":0,"parent":0,"menu_order":0,"comment_status":"closed","ping_status":"closed","template":"","meta":{"_kad_post_transparent":"","_kad_post_title":"","_kad_post_layout":"","_kad_post_sidebar_id":"","_kad_post_content_style":"","_kad_post_vertical_padding":"","_kad_post_feature":"","_kad_post_feature_position":"","_kad_post_header":false,"_kad_post_footer":false,"footnotes":""},"class_list":["post-75","page","type-page","status-publish","hentry"],"_links":{"self":[{"href":"https:\/\/carmellove.pl\/index.php\/wp-json\/wp\/v2\/pages\/75","targetHints":{"allow":["GET"]}}],"collection":[{"href":"https:\/\/carmellove.pl\/index.php\/wp-json\/wp\/v2\/pages"}],"about":[{"href":"https:\/\/carmellove.pl\/index.php\/wp-json\/wp\/v2\/types\/page"}],"author":[{"embeddable":true,"href":"https:\/\/carmellove.pl\/index.php\/wp-json\/wp\/v2\/users\/1"}],"replies":[{"embeddable":true,"href":"https:\/\/carmellove.pl\/index.php\/wp-json\/wp\/v2\/comments?post=75"}],"version-history":[{"count":6,"href":"https:\/\/carmellove.pl\/index.php\/wp-json\/wp\/v2\/pages\/75\/revisions"}],"predecessor-version":[{"id":139,"href":"https:\/\/carmellove.pl\/index.php\/wp-json\/wp\/v2\/pages\/75\/revisions\/139"}],"wp:attachment":[{"href":"https:\/\/carmellove.pl\/index.php\/wp-json\/wp\/v2\/media?parent=75"}],"curies":[{"name":"wp","href":"https:\/\/api.w.org\/{rel}","templated":true}]}}