{"id":84,"date":"2022-08-07T19:37:13","date_gmt":"2022-08-07T17:37:13","guid":{"rendered":"https:\/\/www.carmellove.pl\/?page_id=84"},"modified":"2023-05-03T16:55:41","modified_gmt":"2023-05-03T14:55:41","slug":"regulamin-sesji","status":"publish","type":"page","link":"https:\/\/carmellove.pl\/index.php\/regulamin-sesji\/","title":{"rendered":"Regulamin sesji"},"content":{"rendered":"<p><strong>Regulamin sesji<\/strong><\/p>\n<ol>\n<li>Rezerwacja sesji zdj\u0119ciowej jest r\u00f3wnoznaczna z akceptacj\u0105 regulaminu.<\/li>\n<li>Klient o\u015bwiadcza, \u017ce zapozna\u0142 si\u0119 z portfolio Fotografa, oraz \u017ce akceptuje styl obr\u00f3bki zdj\u0119\u0107.<\/li>\n<li>Termin\u00a0 sesji\u00a0 rezerwowany jest wst\u0119pnie na dwa dni robocze, ostateczna rezerwacja odbywa si\u0119 po wp\u0142acie zadatku. Wp\u0142ata zadatku po czasie mo\u017ce skutkowa\u0107 brakiem mo\u017cliwo\u015bci wykonania sesji w\u00a0pierwotnie ustalonym terminie.<\/li>\n<li>Przed sesj\u0105 Klient deklaruje wybrany pakiet zdj\u0119ciowy. Po sesji pakiet nie mo\u017ce zosta\u0107 pomniejszony.<\/li>\n<li>Dop\u0142at\u0119 do pe\u0142nej warto\u015bci sesji nale\u017cy ui\u015bci\u0107 najp\u00f3\u017aniej w\u00a0dniu sesji got\u00f3wk\u0105 lub przelewem\/blikiem.<\/li>\n<li>Do czasu otrzymania pe\u0142nej um\u00f3wionej kwoty galeria z\u00a0materia\u0142em do wyboru nie zostanie udost\u0119pniona<\/li>\n<li>Zmiana terminu sesji mo\u017ce mie\u0107 miejsce tylko w wyj\u0105tkowych sytuacjach (tzw. si\u0142a wy\u017csza: choroba, pogoda &#8211; deszcz) zar\u00f3wno dla jednej, jak i\u00a0drugiej strony. Klient ma obowi\u0105zek poinformowania na minimum 24h przed planowan\u0105 sesj\u0105 o\u00a0zaistnia\u0142ej sytuacji. Niestawienie si\u0119 Klienta na sesji bez wcze\u015bniejszego poinformowania Fotografa powoduje przepadek wp\u0142aconego zadatku.<\/li>\n<li>Fotograf przekazuje wytyczne co do przygotowania si\u0119 Klient\u00f3w do sesji. Przekazane informacje s\u0105 wa\u017cne dla zachowania sp\u00f3jnego efektu zdj\u0119\u0107. Fotograf nie ponosi odpowiedzialno\u015bci za finalny efekt wywo\u0142any zaniedbaniami Klienta.<\/li>\n<li>Po wykonanej sesji w\u00a0terminie do 3 dni roboczych Klient otrzymuje zdj\u0119cia, po dokonaniu wst\u0119pnej selekcji i\u00a0wst\u0119pnej obr\u00f3bki, do wyboru w prywatnej galerii online. Fotografie w galeriach zabezpieczone s\u0105 znakami wodnymi, kt\u00f3re zostaj\u0105 usuni\u0119te w\u00a0ko\u0144cowym produkcie. Fotograf daje mo\u017cliwo\u015bci zakupu dodatkowych fotografii w\u00a0kwocie okre\u015blonej w poszczeg\u00f3lnych pakietach. Dop\u0142ata za dodatkowe kadry nast\u0119puje do 3 dni roboczych.<\/li>\n<li>Klient ma 20 dni na wyb\u00f3r najlepszych uj\u0119\u0107, kt\u00f3re zostan\u0105 poddane dalszej obr\u00f3bce. Po tym czasie Fotograf ma prawo dokona\u0107 selekcji samodzielnie, nie czekaj\u0105c na wyb\u00f3r Klienta.<\/li>\n<li>Fotograf dokonuje ostatecznej obr\u00f3bki w\u00a0przeci\u0105gu 25 dni roboczych od dokonania wyboru zdj\u0119\u0107 przez Klienta.<\/li>\n<li>Gotowe pliki cyfrowe Fotograf przekazuje drog\u0105 elektroniczn\u0105 na podany przez Klienta adres email.<\/li>\n<li>Klient po zaakceptowaniu zdj\u0119\u0107 cyfrowych po obr\u00f3bce, nie b\u0119dzie zg\u0142asza\u0107 dodatkowych roszcze\u0144 przy odbiorze wydruk\u00f3w, co do zmiany kolorystyki, retuszu na zdj\u0119ciach papierowych itp. chyba \u017ce s\u0105 to ewidentne b\u0142\u0119dy laboratorium.\u00a0Nie ma mo\u017cliwo\u015bci dokonania reklamacji uj\u0119\u0107 w\u00a0oparciu o\u00a0prezentowany styl Fotografa.<\/li>\n<li>Wydruki odbitek oraz wszelkich innych materia\u0142\u00f3w, wykonywane s\u0105 na wysokiej jako\u015bci papierze fotograficznym w drukarniach wsp\u00f3\u0142pracuj\u0105cych z profesjonalnymi fotografami. Fotograf nie bierze odpowiedzialno\u015bci za jako\u015b\u0107 wydruk\u00f3w realizowanych przez Klienta w\u00a0przypadkowych laboratoriach\/automatach.<\/li>\n<li>Fotograf przetrzymuje niewybrane zdj\u0119cia na dysku do czasu oddania gotowych zdj\u0119\u0107, czyli realizacji zam\u00f3wienia. Po realizacji zam\u00f3wienia obrobione zdj\u0119cia s\u0105 przechowywane jeszcze u fotografa przez okres 6 miesi\u0119cy, w\u00a0tym czasie Klient mo\u017ce dokupi\u0107 dodatkowe zdj\u0119cia. Po tym czasie s\u0105 nieodwracalnie usuwane z dysku.<\/li>\n<li>Dbaj\u0105c o wysok\u0105 jako\u015b\u0107 us\u0142ug Fotograf nie oddaje zdj\u0119\u0107\u00a0 nieobrobionych\u00a0 i\u00a0nie udost\u0119pnia surowych plik\u00f3w RAW.<\/li>\n<li>Fotograf nie wyra\u017ca zgody na kadrowanie zdj\u0119\u0107, nak\u0142adanie filtr\u00f3w oraz jakiekolwiek modyfikacje dotycz\u0105ce ostatecznego wygl\u0105du wykonanej fotografii. Prawa autorskie do zdj\u0119cia zawsze nale\u017c\u0105 do Fotografa<\/li>\n<li>Zgoda Klienta na publikacj\u0119 zdj\u0119\u0107 jest dobrowolna i zawsze ustalana jest indywidualnie.<\/li>\n<li>Fotograf zezwala na prezentacj\u0119 zdj\u0119\u0107 na r\u00f3\u017cnego rodzaju portalach i galeriach internetowych\u00a0 pod warunkiem zamieszczania informacji o Autorze &#8211; Fotografie.<\/li>\n<li>Istnieje mo\u017cliwo\u015b\u0107 wykupienia sesji w\u00a0postaci bonu podarunkowego. Bon ma wa\u017cno\u015b\u0107 12 miesi\u0119cy od daty zakupu i\u00a0w\u00a0tym czasie nale\u017cy wykona\u0107 sesj\u0119. Op\u0142at\u0119 za wybrany pakiet prezentowy nale\u017cy uregulowa\u0107 w\u00a0dniu jego zakupu.\u00a0Bonu nie mo\u017cna wymieni\u0107 na got\u00f3wk\u0119, jak r\u00f3wnie\u017c nie mo\u017cna go zwr\u00f3ci\u0107. Po up\u0142ywie 12 miesi\u0119cy bez \u017cadnego kontaktu od Klienta, bon przepada.<\/li>\n<\/ol>\n<ul id=\"block-f5451b56-3ff2-42e0-8044-a169ca28d243\"><\/ul>\n","protected":false},"excerpt":{"rendered":"<p>Regulamin sesji Rezerwacja sesji zdj\u0119ciowej jest r\u00f3wnoznaczna z akceptacj\u0105 regulaminu. Klient o\u015bwiadcza, \u017ce zapozna\u0142 si\u0119 z portfolio Fotografa, oraz \u017ce akceptuje styl obr\u00f3bki zdj\u0119\u0107. Termin\u00a0 sesji\u00a0 rezerwowany jest wst\u0119pnie na dwa dni robocze, ostateczna rezerwacja odbywa si\u0119 po wp\u0142acie zadatku. Wp\u0142ata zadatku po czasie mo\u017ce skutkowa\u0107 brakiem mo\u017cliwo\u015bci wykonania sesji w\u00a0pierwotnie ustalonym terminie. Przed sesj\u0105&#8230;<\/p>\n","protected":false},"author":1,"featured_media":0,"parent":0,"menu_order":0,"comment_status":"closed","ping_status":"closed","template":"","meta":{"_kad_post_transparent":"default","_kad_post_title":"default","_kad_post_layout":"default","_kad_post_sidebar_id":"","_kad_post_content_style":"default","_kad_post_vertical_padding":"default","_kad_post_feature":"","_kad_post_feature_position":"","_kad_post_header":false,"_kad_post_footer":false,"footnotes":""},"class_list":["post-84","page","type-page","status-publish","hentry"],"_links":{"self":[{"href":"https:\/\/carmellove.pl\/index.php\/wp-json\/wp\/v2\/pages\/84","targetHints":{"allow":["GET"]}}],"collection":[{"href":"https:\/\/carmellove.pl\/index.php\/wp-json\/wp\/v2\/pages"}],"about":[{"href":"https:\/\/carmellove.pl\/index.php\/wp-json\/wp\/v2\/types\/page"}],"author":[{"embeddable":true,"href":"https:\/\/carmellove.pl\/index.php\/wp-json\/wp\/v2\/users\/1"}],"replies":[{"embeddable":true,"href":"https:\/\/carmellove.pl\/index.php\/wp-json\/wp\/v2\/comments?post=84"}],"version-history":[{"count":15,"href":"https:\/\/carmellove.pl\/index.php\/wp-json\/wp\/v2\/pages\/84\/revisions"}],"predecessor-version":[{"id":744,"href":"https:\/\/carmellove.pl\/index.php\/wp-json\/wp\/v2\/pages\/84\/revisions\/744"}],"wp:attachment":[{"href":"https:\/\/carmellove.pl\/index.php\/wp-json\/wp\/v2\/media?parent=84"}],"curies":[{"name":"wp","href":"https:\/\/api.w.org\/{rel}","templated":true}]}}